{"id":737,"date":"2019-09-10T10:17:49","date_gmt":"2019-09-10T10:17:49","guid":{"rendered":"http:\/\/localhost\/it-bizz\/?page_id=737"},"modified":"2024-09-18T17:33:04","modified_gmt":"2024-09-18T16:33:04","slug":"about-us","status":"publish","type":"page","link":"https:\/\/ntpas.net\/en\/about-us\/","title":{"rendered":"\u00dcber uns"},"content":{"rendered":"<div data-elementor-type=\"wp-page\" data-elementor-id=\"737\" class=\"elementor elementor-737\">\n\t\t\t\t\t\t<section class=\"elementor-section elementor-top-section elementor-element elementor-element-6c6c7452 tm-column-break-ipad-yes elementor-section-stretched tm-col-stretched-none elementor-section-boxed elementor-section-height-default elementor-section-height-default\" data-id=\"6c6c7452\" data-element_type=\"section\" data-settings=\"{&quot;stretch_section&quot;:&quot;section-stretched&quot;}\">\n\t\t\t\t\t\t<div class=\"elementor-container elementor-column-gap-default\">\n\t\t\t\t\t<div class=\"elementor-column elementor-col-50 elementor-top-column elementor-element elementor-element-5640d081\" data-id=\"5640d081\" data-element_type=\"column\">\n\t\t\t<div class=\"elementor-widget-wrap elementor-element-populated\">\n\t\t\t\t\t\t<div class=\"elementor-element elementor-element-70ac87e4 tm-align-left elementor-widget elementor-widget-tm_heading\" data-id=\"70ac87e4\" data-element_type=\"widget\" data-widget_type=\"tm_heading.default\">\n\t\t\t\t<div class=\"elementor-widget-container\">\n\t\t\t<div class=\"tm-element-heading-content-wrapper left-align tm-reverse-heading-yes tm-seperator-solid tm-content-with-desc tm-heading-style-vertical\"><div class=\"tm-content-header\"><h4 class=\"tm-element-subheading tm-custom-heading\">\n\t\t\t\tUnternehmen\n\t\t\t<\/h4>\n\t\t<h2 class=\"tm-element-content-heading tm-custom-heading\">\n\t\t\t\tFortschritt durch Technologie, Erfolg durch \n <cite>Zusammenarbeit.<\/cite>\n\t\t\t<\/h2>\n\t\t<div class=\"heading-seperator\"><span><\/span><\/div><\/div><div class=\"tm-element-content-desctxt\">Unsere IT-Dienstleistungen vereinen Business-Expertise und Technologie-Know-how, um Gesch\u00e4ftsprozesse in allen Bereichen effizient zu managen.<\/div><\/div>\t\t<\/div>\n\t\t\t\t<\/div>\n\t\t\t\t<div class=\"elementor-element elementor-element-1f9a4082 elementor-widget elementor-widget-text-editor\" data-id=\"1f9a4082\" data-element_type=\"widget\" data-widget_type=\"text-editor.default\">\n\t\t\t\t<div class=\"elementor-widget-container\">\n\t\t\t\t\t\t\t<p>Die NTpas Network Technologies Projects and Services GmbH ist ein innovatives Unternehmen, das sich auf ma\u00dfgeschneiderte IT-Netzwerkl\u00f6sungen und erstklassige IT-Sicherheitsdienste spezialisiert. Unsere Vision ist es, f\u00fchrend im Bereich der IT-Netzwerkl\u00f6sungen und IT-Sicherheit zu sein, indem wir innovative Technologien nutzen, um Unternehmen weltweit bei ihrer digitalen Transformation zu unterst\u00fctzen.<\/p><p>In einer Welt, in der die IT-Netzwerkinfrastruktur und IT-Sicherheit zunehmend komplexer werden, integrieren wir fortschrittliche Netzwerkautomatisierung und KI-basierte L\u00f6sungen, um dies einfacher und anschaulicher f\u00fcr den Kunden zu gestalten. Durch unsere Managed Services \u00fcbernehmen wir die Verantwortung f\u00fcr den Betrieb dieser L\u00f6sungen, um unseren Kunden ein H\u00f6chstma\u00df an Effizienz und Sicherheit zu bieten.<\/p><p>Unsere Mission ist es, Unternehmen dabei zu helfen, die Effizienz ihrer IT-Infrastruktur zu steigern und gleichzeitig h\u00f6chste Sicherheitsstandards zu gew\u00e4hrleisten.<\/p><p><!-- notionvc: 00e278db-614c-436d-924f-293c671e4a0b --><\/p>\t\t\t\t\t\t<\/div>\n\t\t\t\t<\/div>\n\t\t\t\t<div class=\"elementor-element elementor-element-3f8abeab elementor-widget elementor-widget-image\" data-id=\"3f8abeab\" data-element_type=\"widget\" data-widget_type=\"image.default\">\n\t\t\t\t<div class=\"elementor-widget-container\">\n\t\t\t\t\t\t\t\t\t\t\t\t\t<img fetchpriority=\"high\" decoding=\"async\" width=\"847\" height=\"449\" src=\"https:\/\/ntpas.net\/wp-content\/uploads\/2024\/05\/team-3062250_1920-1024x543.jpg\" class=\"attachment-large size-large wp-image-8171\" alt=\"\" srcset=\"https:\/\/ntpas.net\/wp-content\/uploads\/2024\/05\/team-3062250_1920-1024x543.jpg 1024w, https:\/\/ntpas.net\/wp-content\/uploads\/2024\/05\/team-3062250_1920-300x159.jpg 300w, https:\/\/ntpas.net\/wp-content\/uploads\/2024\/05\/team-3062250_1920-768x408.jpg 768w, https:\/\/ntpas.net\/wp-content\/uploads\/2024\/05\/team-3062250_1920-1536x815.jpg 1536w, https:\/\/ntpas.net\/wp-content\/uploads\/2024\/05\/team-3062250_1920-18x10.jpg 18w, https:\/\/ntpas.net\/wp-content\/uploads\/2024\/05\/team-3062250_1920.jpg 1920w\" sizes=\"(max-width: 847px) 100vw, 847px\" data-id=\"8171\" \/>\t\t\t\t\t\t\t\t\t\t\t\t\t<\/div>\n\t\t\t\t<\/div>\n\t\t\t\t\t<\/div>\n\t\t<\/div>\n\t\t\t\t<div class=\"elementor-column elementor-col-50 elementor-top-column elementor-element elementor-element-5db0fdf2\" data-id=\"5db0fdf2\" data-element_type=\"column\">\n\t\t\t<div class=\"elementor-widget-wrap elementor-element-populated\">\n\t\t\t\t\t\t<div class=\"elementor-element elementor-element-f2a481d elementor-widget elementor-widget-image\" data-id=\"f2a481d\" data-element_type=\"widget\" data-widget_type=\"image.default\">\n\t\t\t\t<div class=\"elementor-widget-container\">\n\t\t\t\t\t\t\t\t\t\t\t\t\t<img decoding=\"async\" width=\"847\" height=\"644\" src=\"https:\/\/ntpas.net\/wp-content\/uploads\/2024\/05\/teamwork-3309829_1920-1024x778.jpg\" class=\"attachment-large size-large wp-image-8169\" alt=\"\" srcset=\"https:\/\/ntpas.net\/wp-content\/uploads\/2024\/05\/teamwork-3309829_1920-1024x778.jpg 1024w, https:\/\/ntpas.net\/wp-content\/uploads\/2024\/05\/teamwork-3309829_1920-300x228.jpg 300w, https:\/\/ntpas.net\/wp-content\/uploads\/2024\/05\/teamwork-3309829_1920-768x584.jpg 768w, https:\/\/ntpas.net\/wp-content\/uploads\/2024\/05\/teamwork-3309829_1920-1536x1167.jpg 1536w, https:\/\/ntpas.net\/wp-content\/uploads\/2024\/05\/teamwork-3309829_1920-16x12.jpg 16w, https:\/\/ntpas.net\/wp-content\/uploads\/2024\/05\/teamwork-3309829_1920.jpg 1920w\" sizes=\"(max-width: 847px) 100vw, 847px\" data-id=\"8169\" \/>\t\t\t\t\t\t\t\t\t\t\t\t\t<\/div>\n\t\t\t\t<\/div>\n\t\t\t\t<div class=\"elementor-element elementor-element-81c3b56 elementor-widget elementor-widget-spacer\" data-id=\"81c3b56\" data-element_type=\"widget\" data-widget_type=\"spacer.default\">\n\t\t\t\t<div class=\"elementor-widget-container\">\n\t\t\t\t\t<div class=\"elementor-spacer\">\n\t\t\t<div class=\"elementor-spacer-inner\"><\/div>\n\t\t<\/div>\n\t\t\t\t<\/div>\n\t\t\t\t<\/div>\n\t\t\t\t<div class=\"elementor-element elementor-element-b275b7a elementor-widget elementor-widget-text-editor\" data-id=\"b275b7a\" data-element_type=\"widget\" data-widget_type=\"text-editor.default\">\n\t\t\t\t<div class=\"elementor-widget-container\">\n\t\t\t\t\t\t\t<h3>Unser Team<\/h3><p>Wir sind erfahrene Experten im Bereich IT-Netzwerkinfrastruktur und IT-Sicherheit mit \u00fcber 70 Jahren kombinierter Erfahrung. Unser Team hat sich auf die Bed\u00fcrfnisse von kleinen und mittelst\u00e4ndischen Unternehmen fokussiert und viele Kunden erfolgreich bei ihrer digitalen Transformation begleitet.<\/p><p>Wir freuen uns darauf, Sie auf Ihrem Weg zu unterst\u00fctzen. Klicken Sie <a href=\"https:\/\/ntpas.net\/en\/contact-us\/\">hier<\/a>, um uns zu kontaktieren.\u00a0<\/p>\t\t\t\t\t\t<\/div>\n\t\t\t\t<\/div>\n\t\t\t\t\t<\/div>\n\t\t<\/div>\n\t\t\t\t\t<\/div>\n\t\t<\/section>\n\t\t\t\t<section class=\"elementor-section elementor-top-section elementor-element elementor-element-72e6c4a4 tm-bgcolor-grey elementor-section-stretched tm-column-break-ipad-no tm-col-stretched-none elementor-section-boxed elementor-section-height-default elementor-section-height-default\" data-id=\"72e6c4a4\" data-element_type=\"section\" data-settings=\"{&quot;stretch_section&quot;:&quot;section-stretched&quot;}\">\n\t\t\t\t\t\t<div class=\"elementor-container elementor-column-gap-default\">\n\t\t\t\t\t<div class=\"elementor-column elementor-col-100 elementor-top-column elementor-element elementor-element-1ae37d31\" data-id=\"1ae37d31\" data-element_type=\"column\">\n\t\t\t<div class=\"elementor-widget-wrap elementor-element-populated\">\n\t\t\t\t\t\t<div class=\"elementor-element elementor-element-2a5f48fa tm-align-center elementor-widget elementor-widget-tm_heading\" data-id=\"2a5f48fa\" data-element_type=\"widget\" data-widget_type=\"tm_heading.default\">\n\t\t\t\t<div class=\"elementor-widget-container\">\n\t\t\t<div class=\"tm-element-heading-content-wrapper center-align tm-reverse-heading-yes tm-seperator-solid  tm-heading-style-vertical\"><div class=\"tm-content-header\"><h2 class=\"tm-element-content-heading tm-custom-heading\">\n\t\t\t\t<cite>Neuigkeiten<\/cite> bei NTPaS\n\t\t\t<\/h2>\n\t\t<div class=\"heading-seperator\"><span><\/span><\/div><\/div><\/div>\t\t<\/div>\n\t\t\t\t<\/div>\n\t\t\t\t\t<\/div>\n\t\t<\/div>\n\t\t\t\t\t<\/div>\n\t\t<\/section>\n\t\t\t\t<section class=\"elementor-section elementor-top-section elementor-element elementor-element-569ec467 tm-column-break-ipad-yes elementor-section-stretched tm-col-stretched-none elementor-section-boxed elementor-section-height-default elementor-section-height-default\" data-id=\"569ec467\" data-element_type=\"section\" data-settings=\"{&quot;stretch_section&quot;:&quot;section-stretched&quot;}\">\n\t\t\t\t\t\t<div class=\"elementor-container elementor-column-gap-default\">\n\t\t\t\t\t<div class=\"elementor-column elementor-col-100 elementor-top-column elementor-element elementor-element-6e248f27\" data-id=\"6e248f27\" data-element_type=\"column\">\n\t\t\t<div class=\"elementor-widget-wrap elementor-element-populated\">\n\t\t\t\t\t\t<div class=\"elementor-element elementor-element-42388be2 tm-align-left elementor-widget elementor-widget-tm_blog_element\" data-id=\"42388be2\" data-element_type=\"widget\" data-widget_type=\"tm_blog_element.default\">\n\t\t\t\t<div class=\"elementor-widget-container\">\n\t\t\t<div class=\"themetechmount-boxes themetechmount-boxes-blog themetechmount-element-blogbox-top-image themetechmount-boxes-view-carousel themetechmount-boxes-col-three tm-boxes-carousel-arrow- tm-boxes-carousel-arrows-0 themetechmount-boxes-textalign-left themetechmount-boxes-spacing-30px\" data-tm-show=\"4\" data-tm-loop=\"1\" data-tm-rtl=\"false\" data-tm-cssease=\"ease\" data-tm-autoplay=\"0\" data-tm-centermode=\"0\" data-tm-nav=\"\" data-tm-dots=\"\" data-tm-slidestoscroll=\"1\" data-tm-autoplayspeed=\"4500\" data-tm-speed=\"2500\" data-tm-margin=\"30px\"><div class=\"themetechmount-boxes-inner\">\n\t\t\t<div class=\"themetechmount-box-heading-wrapper tm-boxwithout-heading\">\n\t\t\t\t<div class=\"tm-element-heading-content-wrapper left-align tm-reverse-heading-yes tm-seperator-none  tm-heading-style-vertical\"><div class=\"tm-content-header\"><div class=\"heading-seperator\"><span><\/span><\/div><\/div><\/div>\t\t\t\t\t\t\t<\/div>\n\n\t\t\t<div class=\"themetechmount-boxes-row-wrapper row multi-columns-row\">\n\n\t\t\t<div class=\"tm-box-col-wrapper  consultancy it-security col-lg-4 col-sm-6 col-md-4 col-xs-12\"><article class=\"themetechmount-box themetechmount-box-blog themetechmount-box-topimage themetechmount-blogbox-format-\">\n\t<div class=\"post-item\">\n\t\t<div class=\"themetechmount-box-content\">\t\t\n\t\t\t<div class=\"tm-featured-outer-wrapper tm-post-featured-outer-wrapper\">\n\t\t\t\t<div class=\"tm-featured-wrapper tm-post-featured-wrapper tm-post-format-\"><a href=\"https:\/\/ntpas.net\/en\/uber-fined-e290-million-for-gdpr-violations-in-eu-data-privacy-case\/\"><img decoding=\"async\" width=\"654\" height=\"490\" src=\"https:\/\/ntpas.net\/wp-content\/uploads\/2024\/08\/WhatsApp-Image-2024-08-27-at-12.14.41-654x490.jpeg\" class=\"attachment-themetechmount-img-blog-top size-themetechmount-img-blog-top wp-post-image\" alt=\"\" data-id=\"8759\" \/><\/a><\/div>\t\t\t\t<div class=\"tm-post-date\"><span>27<\/span>Aug<\/div> \t\t\t\t\t\t\t\t<div class=\"tm-blog-overlay-iconbox\">\t\t\t\t\t\t    <a href=\"https:\/\/ntpas.net\/en\/uber-fined-e290-million-for-gdpr-violations-in-eu-data-privacy-case\/\" rel=\"bookmark\" target=\"_blank\"><i class=\"tm-anomica-icon-plus-1\"><\/i><\/a>\t\t\t\t\t\t\t<\/div>\t\n\t\t\t<\/div>\t\t\t\t            \t\t\n\t\t\t<div class=\"themetechmount-box-desc\">\n\t\t\t\t<div class=\"entry-header\">\n\t\t\t\t\t<div class=\"themetechmount-box-title\"><h4><a href=\"https:\/\/ntpas.net\/en\/uber-fined-e290-million-for-gdpr-violations-in-eu-data-privacy-case\/\">Uber Fined \u20ac290 Million for GDPR Violations in EU Data Privacy Case<\/a><\/h4><\/div>\t\t\t\t\t<div class=\"tm-entry-meta-wrapper\"><div class=\"entry-meta tm-entry-meta tm-entry-meta-blogbox\"><span class=\"tm-meta-line byline\"><i class=\"fa fa-user\"><\/i><span class=\"tm-blogname tm-hide\"> By <\/span> <span class=\"author vcard\"><span class=\"screen-reader-text tm-hide\">Author <\/span><a class=\"url fn n\" href=\"https:\/\/ntpas.net\/en\/author\/nesirat\/\">nesirat<\/a><\/span><\/span><\/div><\/div>\t\t\t\t<\/div>\t\t\t\t\t\n\t\t\t<\/div>\n        <\/div>\n\t<\/div>\n<\/article>\n<\/div><div class=\"tm-box-col-wrapper  it-security col-lg-4 col-sm-6 col-md-4 col-xs-12\"><article class=\"themetechmount-box themetechmount-box-blog themetechmount-box-topimage themetechmount-blogbox-format-\">\n\t<div class=\"post-item\">\n\t\t<div class=\"themetechmount-box-content\">\t\t\n\t\t\t<div class=\"tm-featured-outer-wrapper tm-post-featured-outer-wrapper\">\n\t\t\t\t<div class=\"tm-featured-wrapper tm-post-featured-wrapper tm-post-format-\"><a href=\"https:\/\/ntpas.net\/en\/microsoft-responds-to-global-it-outage-with-cybersecurity-summit-announcement\/\"><img loading=\"lazy\" decoding=\"async\" width=\"654\" height=\"490\" src=\"https:\/\/ntpas.net\/wp-content\/uploads\/2024\/08\/microsoft-and-crowdstrike-654x490.jpeg\" class=\"attachment-themetechmount-img-blog-top size-themetechmount-img-blog-top wp-post-image\" alt=\"\" data-id=\"8750\" \/><\/a><\/div>\t\t\t\t<div class=\"tm-post-date\"><span>26<\/span>Aug<\/div> \t\t\t\t\t\t\t\t<div class=\"tm-blog-overlay-iconbox\">\t\t\t\t\t\t    <a href=\"https:\/\/ntpas.net\/en\/microsoft-responds-to-global-it-outage-with-cybersecurity-summit-announcement\/\" rel=\"bookmark\" target=\"_blank\"><i class=\"tm-anomica-icon-plus-1\"><\/i><\/a>\t\t\t\t\t\t\t<\/div>\t\n\t\t\t<\/div>\t\t\t\t            \t\t\n\t\t\t<div class=\"themetechmount-box-desc\">\n\t\t\t\t<div class=\"entry-header\">\n\t\t\t\t\t<div class=\"themetechmount-box-title\"><h4><a href=\"https:\/\/ntpas.net\/en\/microsoft-responds-to-global-it-outage-with-cybersecurity-summit-announcement\/\">Microsoft Responds to Global IT Outage with Cybersecurity Summit Announcement<\/a><\/h4><\/div>\t\t\t\t\t<div class=\"tm-entry-meta-wrapper\"><div class=\"entry-meta tm-entry-meta tm-entry-meta-blogbox\"><span class=\"tm-meta-line byline\"><i class=\"fa fa-user\"><\/i><span class=\"tm-blogname tm-hide\"> By <\/span> <span class=\"author vcard\"><span class=\"screen-reader-text tm-hide\">Author <\/span><a class=\"url fn n\" href=\"https:\/\/ntpas.net\/en\/author\/nesirat\/\">nesirat<\/a><\/span><\/span><\/div><\/div>\t\t\t\t<\/div>\t\t\t\t\t\n\t\t\t<\/div>\n        <\/div>\n\t<\/div>\n<\/article>\n<\/div><div class=\"tm-box-col-wrapper  it-security col-lg-4 col-sm-6 col-md-4 col-xs-12\"><article class=\"themetechmount-box themetechmount-box-blog themetechmount-box-topimage themetechmount-blogbox-format-\">\n\t<div class=\"post-item\">\n\t\t<div class=\"themetechmount-box-content\">\t\t\n\t\t\t<div class=\"tm-featured-outer-wrapper tm-post-featured-outer-wrapper\">\n\t\t\t\t<div class=\"tm-featured-wrapper tm-post-featured-wrapper tm-post-format-\"><a href=\"https:\/\/ntpas.net\/en\/understanding-the-national-public-data-breach-what-you-need-to-know\/\"><img loading=\"lazy\" decoding=\"async\" width=\"654\" height=\"490\" src=\"https:\/\/ntpas.net\/wp-content\/uploads\/2024\/08\/understanding-data-breach-654x490.png\" class=\"attachment-themetechmount-img-blog-top size-themetechmount-img-blog-top wp-post-image\" alt=\"\" data-id=\"8735\" \/><\/a><\/div>\t\t\t\t<div class=\"tm-post-date\"><span>25<\/span>Aug<\/div> \t\t\t\t\t\t\t\t<div class=\"tm-blog-overlay-iconbox\">\t\t\t\t\t\t    <a href=\"https:\/\/ntpas.net\/en\/understanding-the-national-public-data-breach-what-you-need-to-know\/\" rel=\"bookmark\" target=\"_blank\"><i class=\"tm-anomica-icon-plus-1\"><\/i><\/a>\t\t\t\t\t\t\t<\/div>\t\n\t\t\t<\/div>\t\t\t\t            \t\t\n\t\t\t<div class=\"themetechmount-box-desc\">\n\t\t\t\t<div class=\"entry-header\">\n\t\t\t\t\t<div class=\"themetechmount-box-title\"><h4><a href=\"https:\/\/ntpas.net\/en\/understanding-the-national-public-data-breach-what-you-need-to-know\/\">Understanding the National Public Data Breach: What You Need to Know<\/a><\/h4><\/div>\t\t\t\t\t<div class=\"tm-entry-meta-wrapper\"><div class=\"entry-meta tm-entry-meta tm-entry-meta-blogbox\"><span class=\"tm-meta-line byline\"><i class=\"fa fa-user\"><\/i><span class=\"tm-blogname tm-hide\"> By <\/span> <span class=\"author vcard\"><span class=\"screen-reader-text tm-hide\">Author <\/span><a class=\"url fn n\" href=\"https:\/\/ntpas.net\/en\/author\/nesirat\/\">nesirat<\/a><\/span><\/span><\/div><\/div>\t\t\t\t<\/div>\t\t\t\t\t\n\t\t\t<\/div>\n        <\/div>\n\t<\/div>\n<\/article>\n<\/div><div class=\"tm-box-col-wrapper  it-security col-lg-4 col-sm-6 col-md-4 col-xs-12\"><article class=\"themetechmount-box themetechmount-box-blog themetechmount-box-topimage themetechmount-blogbox-format-\">\n\t<div class=\"post-item\">\n\t\t<div class=\"themetechmount-box-content\">\t\t\n\t\t\t<div class=\"tm-featured-outer-wrapper tm-post-featured-outer-wrapper\">\n\t\t\t\t<div class=\"tm-featured-wrapper tm-post-featured-wrapper tm-post-format-\"><a href=\"https:\/\/ntpas.net\/en\/amd-security-leak\/\"><img loading=\"lazy\" decoding=\"async\" width=\"654\" height=\"490\" src=\"https:\/\/ntpas.net\/wp-content\/uploads\/2024\/08\/AMD-Security-leak-654x490.png\" class=\"attachment-themetechmount-img-blog-top size-themetechmount-img-blog-top wp-post-image\" alt=\"\" data-id=\"8733\" \/><\/a><\/div>\t\t\t\t<div class=\"tm-post-date\"><span>25<\/span>Aug<\/div> \t\t\t\t\t\t\t\t<div class=\"tm-blog-overlay-iconbox\">\t\t\t\t\t\t    <a href=\"https:\/\/ntpas.net\/en\/amd-security-leak\/\" rel=\"bookmark\" target=\"_blank\"><i class=\"tm-anomica-icon-plus-1\"><\/i><\/a>\t\t\t\t\t\t\t<\/div>\t\n\t\t\t<\/div>\t\t\t\t            \t\t\n\t\t\t<div class=\"themetechmount-box-desc\">\n\t\t\t\t<div class=\"entry-header\">\n\t\t\t\t\t<div class=\"themetechmount-box-title\"><h4><a href=\"https:\/\/ntpas.net\/en\/amd-security-leak\/\">AMD Security Leak<\/a><\/h4><\/div>\t\t\t\t\t<div class=\"tm-entry-meta-wrapper\"><div class=\"entry-meta tm-entry-meta tm-entry-meta-blogbox\"><span class=\"tm-meta-line byline\"><i class=\"fa fa-user\"><\/i><span class=\"tm-blogname tm-hide\"> By <\/span> <span class=\"author vcard\"><span class=\"screen-reader-text tm-hide\">Author <\/span><a class=\"url fn n\" href=\"https:\/\/ntpas.net\/en\/author\/nesirat\/\">nesirat<\/a><\/span><\/span><\/div><\/div>\t\t\t\t<\/div>\t\t\t\t\t\n\t\t\t<\/div>\n        <\/div>\n\t<\/div>\n<\/article>\n<\/div>\n\t\t\t<\/div>\n\n\t\t\t<\/div><!-- .themetechmount-boxes-inner -->   <\/div><!-- .themetechmount-boxes -->  \t\t<\/div>\n\t\t\t\t<\/div>\n\t\t\t\t\t<\/div>\n\t\t<\/div>\n\t\t\t\t\t<\/div>\n\t\t<\/section>\n\t\t\t\t<\/div>","protected":false},"excerpt":{"rendered":"<p>Unternehmen Fortschritt durch Technologie, Erfolg durch Zusammenarbeit. Unsere IT-Dienstleistungen vereinen Business-Expertise und Technologie-Know-how, um Gesch\u00e4ftsprozesse in allen Bereichen effizient zu managen. Die NTpas Network Technologies Projects and Services GmbH ist ein innovatives Unternehmen, das sich auf ma\u00dfgeschneiderte IT-Netzwerkl\u00f6sungen und erstklassige IT-Sicherheitsdienste spezialisiert. Unsere Vision ist es, f\u00fchrend im Bereich der IT-Netzwerkl\u00f6sungen und IT-Sicherheit zu sein, &hellip; <a href=\"https:\/\/ntpas.net\/en\/amd-security-leak\/\" class=\"more-link\">Continue reading <span class=\"screen-reader-text\">AMD Security Leak<\/span><\/a><\/p>","protected":false},"author":3,"featured_media":0,"parent":0,"menu_order":0,"comment_status":"closed","ping_status":"closed","template":"","meta":{"footnotes":""},"class_list":["post-737","page","type-page","status-publish","hentry"],"_links":{"self":[{"href":"https:\/\/ntpas.net\/en\/wp-json\/wp\/v2\/pages\/737","targetHints":{"allow":["GET"]}}],"collection":[{"href":"https:\/\/ntpas.net\/en\/wp-json\/wp\/v2\/pages"}],"about":[{"href":"https:\/\/ntpas.net\/en\/wp-json\/wp\/v2\/types\/page"}],"author":[{"embeddable":true,"href":"https:\/\/ntpas.net\/en\/wp-json\/wp\/v2\/users\/3"}],"replies":[{"embeddable":true,"href":"https:\/\/ntpas.net\/en\/wp-json\/wp\/v2\/comments?post=737"}],"version-history":[{"count":67,"href":"https:\/\/ntpas.net\/en\/wp-json\/wp\/v2\/pages\/737\/revisions"}],"predecessor-version":[{"id":8762,"href":"https:\/\/ntpas.net\/en\/wp-json\/wp\/v2\/pages\/737\/revisions\/8762"}],"wp:attachment":[{"href":"https:\/\/ntpas.net\/en\/wp-json\/wp\/v2\/media?parent=737"}],"curies":[{"name":"wp","href":"https:\/\/api.w.org\/{rel}","templated":true}]}}