{"id":7504,"date":"2024-05-12T05:00:33","date_gmt":"2024-05-12T04:00:33","guid":{"rendered":"https:\/\/ntpas.net\/?page_id=7504"},"modified":"2025-01-23T01:20:34","modified_gmt":"2025-01-23T00:20:34","slug":"career","status":"publish","type":"page","link":"https:\/\/ntpas.net\/en\/career\/","title":{"rendered":"Career"},"content":{"rendered":"<div data-elementor-type=\"wp-page\" data-elementor-id=\"7504\" class=\"elementor elementor-7504\">\n\t\t\t\t\t\t<section class=\"elementor-section elementor-top-section elementor-element elementor-element-15bbf0b tm-column-break-ipad-yes elementor-section-stretched tm-col-stretched-none elementor-section-boxed elementor-section-height-default elementor-section-height-default\" data-id=\"15bbf0b\" data-element_type=\"section\" data-settings=\"{&quot;stretch_section&quot;:&quot;section-stretched&quot;}\">\n\t\t\t\t\t\t<div class=\"elementor-container elementor-column-gap-default\">\n\t\t\t\t\t<div class=\"elementor-column elementor-col-50 elementor-top-column elementor-element elementor-element-26d96e0\" data-id=\"26d96e0\" data-element_type=\"column\">\n\t\t\t<div class=\"elementor-widget-wrap elementor-element-populated\">\n\t\t\t\t\t\t<div class=\"elementor-element elementor-element-6ee716b tm-align-left elementor-widget elementor-widget-tm_heading\" data-id=\"6ee716b\" data-element_type=\"widget\" data-widget_type=\"tm_heading.default\">\n\t\t\t\t<div class=\"elementor-widget-container\">\n\t\t\t<div class=\"tm-element-heading-content-wrapper left-align tm-reverse-heading-yes tm-seperator-solid tm-content-with-desc tm-heading-style-vertical\"><div class=\"tm-content-header\"><h4 class=\"tm-element-subheading tm-custom-heading\">\n\t\t\t\tKarriere bei NTPaS\n\t\t\t<\/h4>\n\t\t<h2 class=\"tm-element-content-heading tm-custom-heading\">\n\t\t\t\tKarrierechancen durch Innovation,\nErfolg durch  <cite>Kooperation.<\/cite>\n\t\t\t<\/h2>\n\t\t<div class=\"heading-seperator\"><span><\/span><\/div><\/div><div class=\"tm-element-content-desctxt\">Bei uns verbinden sich Talent und Innovation, um gemeinsam die Zukunft zu gestalten. Werden Sie Teil eines Teams, das Business- und Technologie-Experten zusammenbringt, um herausragende Ergebnisse zu erzielen.\n<\/div><\/div>\t\t<\/div>\n\t\t\t\t<\/div>\n\t\t\t\t<div class=\"elementor-element elementor-element-87ecef1 elementor-widget elementor-widget-text-editor\" data-id=\"87ecef1\" data-element_type=\"widget\" data-widget_type=\"text-editor.default\">\n\t\t\t\t<div class=\"elementor-widget-container\">\n\t\t\t\t\t\t\t<p>Bei Network Technologies Projects and Services GmbH, sind wir st\u00e4ndig auf der Suche nach talentierten und leidenschaftlichen Individuen, die unsere Mission teilen, f\u00fchrend im Bereich der IT-Netzwerkl\u00f6sungen und IT-Sicherheit zu sein. Entdecke unten unsere offenen Stellen und erfahre mehr dar\u00fcber, wie du Teil unseres Teams werden kannst.<\/p><p>\u00a0<\/p><p>\u00a0<\/p><p>\u00a0<\/p>\t\t\t\t\t\t<\/div>\n\t\t\t\t<\/div>\n\t\t\t\t\t<\/div>\n\t\t<\/div>\n\t\t\t\t<div class=\"elementor-column elementor-col-50 elementor-top-column elementor-element elementor-element-d2eb9ef\" data-id=\"d2eb9ef\" data-element_type=\"column\">\n\t\t\t<div class=\"elementor-widget-wrap elementor-element-populated\">\n\t\t\t\t\t\t<div class=\"elementor-element elementor-element-b90da89 elementor-widget elementor-widget-spacer\" data-id=\"b90da89\" data-element_type=\"widget\" data-widget_type=\"spacer.default\">\n\t\t\t\t<div class=\"elementor-widget-container\">\n\t\t\t\t\t<div class=\"elementor-spacer\">\n\t\t\t<div class=\"elementor-spacer-inner\"><\/div>\n\t\t<\/div>\n\t\t\t\t<\/div>\n\t\t\t\t<\/div>\n\t\t\t\t<div class=\"elementor-element elementor-element-effc7a2 elementor-widget elementor-widget-image\" data-id=\"effc7a2\" data-element_type=\"widget\" data-widget_type=\"image.default\">\n\t\t\t\t<div class=\"elementor-widget-container\">\n\t\t\t\t\t\t\t\t\t\t\t\t\t<img fetchpriority=\"high\" decoding=\"async\" width=\"847\" height=\"565\" src=\"https:\/\/ntpas.net\/wp-content\/uploads\/2024\/05\/Career01-1024x683.png\" class=\"attachment-large size-large wp-image-8271\" alt=\"\" srcset=\"https:\/\/ntpas.net\/wp-content\/uploads\/2024\/05\/Career01-1024x683.png 1024w, https:\/\/ntpas.net\/wp-content\/uploads\/2024\/05\/Career01-300x200.png 300w, https:\/\/ntpas.net\/wp-content\/uploads\/2024\/05\/Career01-768x512.png 768w, https:\/\/ntpas.net\/wp-content\/uploads\/2024\/05\/Career01-18x12.png 18w, https:\/\/ntpas.net\/wp-content\/uploads\/2024\/05\/Career01.png 1200w\" sizes=\"(max-width: 847px) 100vw, 847px\" data-id=\"8271\" \/>\t\t\t\t\t\t\t\t\t\t\t\t\t<\/div>\n\t\t\t\t<\/div>\n\t\t\t\t\t<\/div>\n\t\t<\/div>\n\t\t\t\t\t<\/div>\n\t\t<\/section>\n\t\t<div class=\"elementor-element elementor-element-901bad2 e-flex e-con-boxed e-con e-parent\" data-id=\"901bad2\" data-element_type=\"container\">\n\t\t\t\t\t<div class=\"e-con-inner\">\n\t\t<div class=\"elementor-element elementor-element-df3ba0b e-con-full e-flex e-con e-child\" data-id=\"df3ba0b\" data-element_type=\"container\">\n\t\t\t\t<div class=\"elementor-element elementor-element-753a5b6 elementor-widget elementor-widget-image\" data-id=\"753a5b6\" data-element_type=\"widget\" data-widget_type=\"image.default\">\n\t\t\t\t<div class=\"elementor-widget-container\">\n\t\t\t\t\t\t\t\t\t\t\t\t\t<img decoding=\"async\" width=\"847\" height=\"565\" src=\"https:\/\/ntpas.net\/wp-content\/uploads\/2024\/05\/hands-success-startup-business-teamwork-1024x683.jpg\" class=\"attachment-large size-large wp-image-8199\" alt=\"\" srcset=\"https:\/\/ntpas.net\/wp-content\/uploads\/2024\/05\/hands-success-startup-business-teamwork-1024x683.jpg 1024w, https:\/\/ntpas.net\/wp-content\/uploads\/2024\/05\/hands-success-startup-business-teamwork-300x200.jpg 300w, https:\/\/ntpas.net\/wp-content\/uploads\/2024\/05\/hands-success-startup-business-teamwork-768x512.jpg 768w, https:\/\/ntpas.net\/wp-content\/uploads\/2024\/05\/hands-success-startup-business-teamwork-1536x1024.jpg 1536w, https:\/\/ntpas.net\/wp-content\/uploads\/2024\/05\/hands-success-startup-business-teamwork-2048x1365.jpg 2048w, https:\/\/ntpas.net\/wp-content\/uploads\/2024\/05\/hands-success-startup-business-teamwork-18x12.jpg 18w, https:\/\/ntpas.net\/wp-content\/uploads\/2024\/05\/hands-success-startup-business-teamwork-1200x800.jpg 1200w\" sizes=\"(max-width: 847px) 100vw, 847px\" data-id=\"8199\" \/>\t\t\t\t\t\t\t\t\t\t\t\t\t<\/div>\n\t\t\t\t<\/div>\n\t\t\t\t<\/div>\n\t\t<div class=\"elementor-element elementor-element-69788a4 e-con-full e-flex e-con e-child\" data-id=\"69788a4\" data-element_type=\"container\">\n\t\t\t\t<div class=\"elementor-element elementor-element-4d43539 elementor-widget elementor-widget-text-editor\" data-id=\"4d43539\" data-element_type=\"widget\" data-widget_type=\"text-editor.default\">\n\t\t\t\t<div class=\"elementor-widget-container\">\n\t\t\t\t\t\t\t<p><strong>Offene Stellen:<\/strong><\/p><ol><li><strong>Senior Network Engineer<\/strong><ul><li>Standort: Heidelberg \/ Remote<\/li><li><a href=\"https:\/\/ntpas.net\/en\/senior-network-engineer\/\" target=\"_new\" rel=\"noreferrer\">Weitere Informationen und Bewerbung<\/a><\/li><\/ul><\/li><li><strong>IT Security Engineer<\/strong><ul><li>Standort: Heidelberg \/ Remote<\/li><li><a href=\"https:\/\/ntpas.net\/en\/it-security-engineer\/\" target=\"_new\" rel=\"noreferrer\">Weitere Informationen und Bewerbung<\/a><\/li><\/ul><\/li><li><strong>Account Manager<\/strong><ul><li>Standort: Heidelberg \/ Remote<\/li><li><a href=\"https:\/\/ntpas.net\/en\/senior-account-manager\/\" target=\"_new\" rel=\"noreferrer\">Weitere Informationen und Bewerbung<\/a><\/li><\/ul><\/li><li><strong>Inside Sales Representative<\/strong><ul><li>Standort: Heidelberg \/ Remote<\/li><li><a href=\"https:\/\/ntpas.net\/en\/inside-sales-representative\/\" target=\"_new\" rel=\"noreferrer\">Weitere Informationen und Bewerbung<\/a><\/li><\/ul><\/li><\/ol>\t\t\t\t\t\t<\/div>\n\t\t\t\t<\/div>\n\t\t\t\t<\/div>\n\t\t\t\t\t<\/div>\n\t\t\t\t<\/div>\n\t\t<div class=\"elementor-element elementor-element-1b53eaa e-flex e-con-boxed e-con e-parent\" data-id=\"1b53eaa\" data-element_type=\"container\">\n\t\t\t\t\t<div class=\"e-con-inner\">\n\t\t\t\t<div class=\"elementor-element elementor-element-2d53907 elementor-widget elementor-widget-text-editor\" data-id=\"2d53907\" data-element_type=\"widget\" data-widget_type=\"text-editor.default\">\n\t\t\t\t<div class=\"elementor-widget-container\">\n\t\t\t\t\t\t\t<p><strong>Warum bei NTPaS arbeiten?<\/strong><\/p><ul><li><strong>Innovative Technologien:<\/strong> Wir nutzen innovative Technologien, um Unternehmen weltweit bei ihrer digitalen Transformation zu unterst\u00fctzen.<\/li><li><strong>Gemeinschaft:<\/strong> Bei NTPaS arbeiten wir als Team zusammen und f\u00f6rdern eine Kultur der Zusammenarbeit und des Wachstums.<\/li><li><strong>Karriereentwicklung:<\/strong> Wir bieten zahlreiche M\u00f6glichkeiten zur pers\u00f6nlichen und beruflichen Weiterentwicklung und unterst\u00fctzen unsere Mitarbeiter dabei, ihr volles Potenzial auszusch\u00f6pfen.<\/li><li><strong>Attraktive Benefits:<\/strong> Neben einer wettbewerbsf\u00e4higen Verg\u00fctung bieten wir unseren Mitarbeitern eine Vielzahl von Benefits, darunter flexible Arbeitszeiten, Weiterbildungsm\u00f6glichkeiten und Mitarbeiterverg\u00fcnstigungen.<\/li><\/ul><p><strong>Unsere Mission und Werte<\/strong><\/p><p>Unsere Mission ist es, Unternehmen dabei zu helfen, die Effizienz ihrer IT-Infrastruktur zu steigern und gleichzeitig h\u00f6chste Sicherheitsstandards zu gew\u00e4hrleisten. Bei NTPaS glauben wir an Integrit\u00e4t, Innovation und Exzellenz in allem, was wir tun.<\/p><p><strong>Wie bewirbt man sich?<\/strong><\/p><p>Interessiert an einer Karriere bei NTPaS? Wir freuen uns darauf, von dir zu h\u00f6ren! Bitte sende deinen Lebenslauf und ein Anschreiben an <a target=\"_new\" rel=\"noreferrer\">recruiting@ntpas.net<\/a> und gib in der Betreffzeile die Stellenbezeichnung an, f\u00fcr die du dich bewirbst.<\/p><p><strong>H\u00e4ufig gestellte Fragen<\/strong><\/p><p>Hast du Fragen zu offenen Stellen, unserem Bewerbungsprozess oder unserem Unternehmen? Schau dir unsere <a href=\"https:\/\/ntpas.net\/en\/faq\/\" target=\"_new\" rel=\"noreferrer\">FAQ-Seite<\/a> an, um Antworten auf h\u00e4ufig gestellte Fragen zu finden.<\/p><p>Wir freuen uns darauf, dich kennenzulernen und gemeinsam Gro\u00dfes zu erreichen!<\/p>\t\t\t\t\t\t<\/div>\n\t\t\t\t<\/div>\n\t\t\t\t\t<\/div>\n\t\t\t\t<\/div>\n\t\t\t\t<\/div>","protected":false},"excerpt":{"rendered":"<p>Karriere bei NTPaS Karrierechancen durch Innovation, Erfolg durch Kooperation. Bei uns verbinden sich Talent und Innovation, um gemeinsam die Zukunft zu gestalten. Werden Sie Teil eines Teams, das Business- und Technologie-Experten zusammenbringt, um herausragende Ergebnisse zu erzielen. Bei Network Technologies Projects and Services GmbH, sind wir st\u00e4ndig auf der Suche nach talentierten und leidenschaftlichen Individuen, &hellip; <a href=\"https:\/\/ntpas.net\/en\/career\/\" class=\"more-link\">Continue reading <span class=\"screen-reader-text\">Career<\/span><\/a><\/p>","protected":false},"author":3,"featured_media":0,"parent":0,"menu_order":0,"comment_status":"closed","ping_status":"closed","template":"","meta":{"footnotes":""},"class_list":["post-7504","page","type-page","status-publish","hentry"],"_links":{"self":[{"href":"https:\/\/ntpas.net\/en\/wp-json\/wp\/v2\/pages\/7504","targetHints":{"allow":["GET"]}}],"collection":[{"href":"https:\/\/ntpas.net\/en\/wp-json\/wp\/v2\/pages"}],"about":[{"href":"https:\/\/ntpas.net\/en\/wp-json\/wp\/v2\/types\/page"}],"author":[{"embeddable":true,"href":"https:\/\/ntpas.net\/en\/wp-json\/wp\/v2\/users\/3"}],"replies":[{"embeddable":true,"href":"https:\/\/ntpas.net\/en\/wp-json\/wp\/v2\/comments?post=7504"}],"version-history":[{"count":98,"href":"https:\/\/ntpas.net\/en\/wp-json\/wp\/v2\/pages\/7504\/revisions"}],"predecessor-version":[{"id":8998,"href":"https:\/\/ntpas.net\/en\/wp-json\/wp\/v2\/pages\/7504\/revisions\/8998"}],"wp:attachment":[{"href":"https:\/\/ntpas.net\/en\/wp-json\/wp\/v2\/media?parent=7504"}],"curies":[{"name":"wp","href":"https:\/\/api.w.org\/{rel}","templated":true}]}}