{"id":7575,"date":"2024-05-12T06:43:50","date_gmt":"2024-05-12T05:43:50","guid":{"rendered":"https:\/\/ntpas.net\/?page_id=7575"},"modified":"2024-06-05T10:42:46","modified_gmt":"2024-06-05T09:42:46","slug":"senior-account-manager","status":"publish","type":"page","link":"https:\/\/ntpas.net\/en\/senior-account-manager\/","title":{"rendered":"Senior Account Manager"},"content":{"rendered":"<div data-elementor-type=\"wp-page\" data-elementor-id=\"7575\" class=\"elementor elementor-7575\">\n\t\t\t\t<div class=\"elementor-element elementor-element-5b16149b e-flex e-con-boxed e-con e-parent\" data-id=\"5b16149b\" data-element_type=\"container\">\n\t\t\t\t\t<div class=\"e-con-inner\">\n\t\t\t\t<div class=\"elementor-element elementor-element-476259c9 tm-align-left elementor-widget elementor-widget-tm_heading\" data-id=\"476259c9\" data-element_type=\"widget\" data-widget_type=\"tm_heading.default\">\n\t\t\t\t<div class=\"elementor-widget-container\">\n\t\t\t<div class=\"tm-element-heading-content-wrapper left-align tm-reverse-heading-yes tm-seperator-solid  tm-heading-style-vertical\"><div class=\"tm-content-header\"><h4 class=\"tm-element-subheading tm-custom-heading\">\n\t\t\t\tStellenangebot Referenznummer #2404120\n\t\t\t<\/h4>\n\t\t<h2 class=\"tm-element-content-heading tm-custom-heading\">\n\t\t\t\tSenior Account Manager\n\t\t\t<\/h2>\n\t\t<div class=\"heading-seperator\"><span><\/span><\/div><\/div><\/div>\t\t<\/div>\n\t\t\t\t<\/div>\n\t\t\t\t\t<\/div>\n\t\t\t\t<\/div>\n\t\t<div class=\"elementor-element elementor-element-d8c2da9 e-flex e-con-boxed e-con e-parent\" data-id=\"d8c2da9\" data-element_type=\"container\">\n\t\t\t\t\t<div class=\"e-con-inner\">\n\t\t\t\t<div class=\"elementor-element elementor-element-1e6f88aa elementor-widget elementor-widget-text-editor\" data-id=\"1e6f88aa\" data-element_type=\"widget\" data-widget_type=\"text-editor.default\">\n\t\t\t\t<div class=\"elementor-widget-container\">\n\t\t\t\t\t\t\t<p>Position: Senior Account Manager<br \/>Standort: Heidelberg<br \/>Abteilung: Vertrieb<\/p><p><strong>\u00dcber uns:<\/strong><\/p><p>Die NTpas Network Technologies Projects and Services GmbH ist ein innovatives Unternehmen, das sich auf ma\u00dfgeschneiderte IT-Netzwerkl\u00f6sungen und erstklassige IT-Sicherheitsdienste spezialisiert. Unsere Vision ist es, f\u00fchrend im Bereich der IT-Netzwerkl\u00f6sungen und IT-Sicherheit zu sein, indem wir innovative Technologien nutzen, um Unternehmen weltweit bei ihrer digitalen Transformation zu unterst\u00fctzen.<\/p><p>Als Senior Account Manager bei NTpas spielen Sie eine entscheidende Rolle bei der Entwicklung und Pflege von Kundenbeziehungen sowie beim Ausbau unseres Kundenstamms.<\/p><p><strong>Rolle und Verantwortlichkeiten:<\/strong><\/p><ul><li>Identifizierung und Akquise neuer Kunden sowie Ausbau der Gesch\u00e4ftsbeziehungen zu bestehenden Kunden.<\/li><li>Verantwortung f\u00fcr den gesamten Vertriebszyklus, von der Lead-Generierung \u00fcber die Pr\u00e4sentation von L\u00f6sungen bis zum Vertragsabschluss.<\/li><li>Entwicklung von individuellen L\u00f6sungen und Angeboten, die den Anforderungen und Bed\u00fcrfnissen der Kunden entsprechen.<\/li><li>Zusammenarbeit mit internen Teams, insbesondere mit dem Produktmanagement und der technischen Abteilung, um kundenspezifische Anforderungen zu verstehen und umzusetzen.<\/li><li>Erreichung von Umsatzzielen und Beitrag zum Unternehmenswachstum.<\/li><li>Durchf\u00fchrung von Marktanalysen und Identifizierung neuer Gesch\u00e4ftsm\u00f6glichkeiten.<\/li><li>Kontinuierliche Pflege und Aktualisierung von Kundeninformationen im CRM-System.<\/li><\/ul><p><strong>Anforderungen:<\/strong><\/p><ul><li>Abgeschlossenes Studium der Betriebswirtschaftslehre, Wirtschaftsinformatik oder vergleichbare Qualifikation.<\/li><li>Mehrj\u00e4hrige Erfahrung im B2B-Vertrieb, idealerweise im Bereich IT-Netzwerkl\u00f6sungen oder IT-Sicherheitsdienste.<\/li><li>Nachgewiesene Erfolgsbilanz im Aufbau und in der Pflege von Kundenbeziehungen sowie im Erreichen von Umsatzzielen.<\/li><li>Ausgepr\u00e4gte Kommunikations- und Verhandlungsf\u00e4higkeiten.<\/li><li>Starkes technisches Verst\u00e4ndnis, um komplexe L\u00f6sungen zu verstehen und zu pr\u00e4sentieren.<\/li><li>Selbstmotivation, Eigeninitiative und Ergebnisorientierung.<\/li><li>Teamf\u00e4higkeit und die F\u00e4higkeit, effektiv in einem dynamischen Umfeld zu arbeiten.<\/li><\/ul><p><strong>Wir bieten:<\/strong><\/p><ul><li>Eine anspruchsvolle und spannende T\u00e4tigkeit in einem innovativen Unternehmen.<\/li><li>Attraktive Verg\u00fctung und Benefits, einschlie\u00dflich eines leistungsorientierten Bonusplans.<\/li><li>Fortbildungsm\u00f6glichkeiten und Unterst\u00fctzung bei der beruflichen Weiterentwicklung.<\/li><li>Die M\u00f6glichkeit, Teil eines motivierten und engagierten Teams zu sein, das angetrieben ist, gemeinsam erfolgreich zu sein.<\/li><\/ul><p>Wenn Sie ein erfahrener Account Manager sind und eine spannende berufliche Herausforderung suchen, freuen wir uns auf Ihre Bewerbung. Bitte senden Sie Ihren Lebenslauf und ein Anschreiben an:<\/p><p><a target=\"_new\" rel=\"noreferrer\">recruiting@ntpas.net<\/a><\/p><p>Ihr HR-Team<\/p>\t\t\t\t\t\t<\/div>\n\t\t\t\t<\/div>\n\t\t\t\t\t<\/div>\n\t\t\t\t<\/div>\n\t\t\t\t<\/div>","protected":false},"excerpt":{"rendered":"<p>Stellenangebot Referenznummer #2404120 Senior Account Manager Position: Senior Account ManagerStandort: HeidelbergAbteilung: Vertrieb \u00dcber uns: Die NTpas Network Technologies Projects and Services GmbH ist ein innovatives Unternehmen, das sich auf ma\u00dfgeschneiderte IT-Netzwerkl\u00f6sungen und erstklassige IT-Sicherheitsdienste spezialisiert. Unsere Vision ist es, f\u00fchrend im Bereich der IT-Netzwerkl\u00f6sungen und IT-Sicherheit zu sein, indem wir innovative Technologien nutzen, um Unternehmen &hellip; <a href=\"https:\/\/ntpas.net\/en\/senior-account-manager\/\" class=\"more-link\">Continue reading <span class=\"screen-reader-text\">Senior Account Manager<\/span><\/a><\/p>","protected":false},"author":3,"featured_media":0,"parent":0,"menu_order":0,"comment_status":"closed","ping_status":"closed","template":"","meta":{"footnotes":""},"class_list":["post-7575","page","type-page","status-publish","hentry"],"_links":{"self":[{"href":"https:\/\/ntpas.net\/en\/wp-json\/wp\/v2\/pages\/7575","targetHints":{"allow":["GET"]}}],"collection":[{"href":"https:\/\/ntpas.net\/en\/wp-json\/wp\/v2\/pages"}],"about":[{"href":"https:\/\/ntpas.net\/en\/wp-json\/wp\/v2\/types\/page"}],"author":[{"embeddable":true,"href":"https:\/\/ntpas.net\/en\/wp-json\/wp\/v2\/users\/3"}],"replies":[{"embeddable":true,"href":"https:\/\/ntpas.net\/en\/wp-json\/wp\/v2\/comments?post=7575"}],"version-history":[{"count":4,"href":"https:\/\/ntpas.net\/en\/wp-json\/wp\/v2\/pages\/7575\/revisions"}],"predecessor-version":[{"id":7580,"href":"https:\/\/ntpas.net\/en\/wp-json\/wp\/v2\/pages\/7575\/revisions\/7580"}],"wp:attachment":[{"href":"https:\/\/ntpas.net\/en\/wp-json\/wp\/v2\/media?parent=7575"}],"curies":[{"name":"wp","href":"https:\/\/api.w.org\/{rel}","templated":true}]}}