{"id":8321,"date":"2024-05-31T16:45:56","date_gmt":"2024-05-31T15:45:56","guid":{"rendered":"https:\/\/ntpas.net\/?page_id=8321"},"modified":"2024-08-03T23:30:08","modified_gmt":"2024-08-03T22:30:08","slug":"imprint","status":"publish","type":"page","link":"https:\/\/ntpas.net\/en\/imprint\/","title":{"rendered":"Imprint"},"content":{"rendered":"<div data-elementor-type=\"wp-page\" data-elementor-id=\"8321\" class=\"elementor elementor-8321\">\n\t\t\t\t<div class=\"elementor-element elementor-element-37dc501 e-flex e-con-boxed e-con e-parent\" data-id=\"37dc501\" data-element_type=\"container\">\n\t\t\t\t\t<div class=\"e-con-inner\">\n\t\t\t\t<div class=\"elementor-element elementor-element-7d274e0 elementor-widget elementor-widget-text-editor\" data-id=\"7d274e0\" data-element_type=\"widget\" data-widget_type=\"text-editor.default\">\n\t\t\t\t<div class=\"elementor-widget-container\">\n\t\t\t\t\t\t\t<section class=\"block block--text container container--skinny my-8 lg:my-16\"><div class=\"text\"><h3>NTPaS &#8211; Network Technologies Projects and Services GmbH<\/h3><p>Tullastra\u00dfe 14<br \/>69126 Heidelberg<br \/>Tel.: <a href=\"tel: 49622123902\">+49 6221 23902<\/a><br \/>E-Mail: <a href=\"mailto:infoy@ntpas.net\">info@ntpas.net<\/a><\/p><\/div><\/section><section class=\"block block--text container container--skinny my-8 lg:my-16\"><div class=\"text\"><p>Gesch\u00e4ftsf\u00fchrung: Sahar Chaplawy, Yeheskel | Nesirat, Yosef<br \/>Handelsregister beim\u00a0 Amtsgericht Mannheim, HRB 750646<span lang=\"DE\">, USt-IdNr. DE367593712<\/span>\u00a0<\/p><\/div><\/section>\t\t\t\t\t\t<\/div>\n\t\t\t\t<\/div>\n\t\t\t\t\t<\/div>\n\t\t\t\t<\/div>\n\t\t\t\t<\/div>","protected":false},"excerpt":{"rendered":"<p>NTPaS &#8211; Network Technologies Projects and Services GmbH Tullastra\u00dfe 1469126 HeidelbergTel.: +49 6221 23902E-Mail: info@ntpas.net Gesch\u00e4ftsf\u00fchrung: Sahar Chaplawy, Yeheskel | Nesirat, YosefHandelsregister beim\u00a0 Amtsgericht Mannheim, HRB 750646, USt-IdNr. DE367593712\u00a0<\/p>","protected":false},"author":3,"featured_media":0,"parent":0,"menu_order":0,"comment_status":"closed","ping_status":"closed","template":"","meta":{"footnotes":""},"class_list":["post-8321","page","type-page","status-publish","hentry"],"_links":{"self":[{"href":"https:\/\/ntpas.net\/en\/wp-json\/wp\/v2\/pages\/8321","targetHints":{"allow":["GET"]}}],"collection":[{"href":"https:\/\/ntpas.net\/en\/wp-json\/wp\/v2\/pages"}],"about":[{"href":"https:\/\/ntpas.net\/en\/wp-json\/wp\/v2\/types\/page"}],"author":[{"embeddable":true,"href":"https:\/\/ntpas.net\/en\/wp-json\/wp\/v2\/users\/3"}],"replies":[{"embeddable":true,"href":"https:\/\/ntpas.net\/en\/wp-json\/wp\/v2\/comments?post=8321"}],"version-history":[{"count":23,"href":"https:\/\/ntpas.net\/en\/wp-json\/wp\/v2\/pages\/8321\/revisions"}],"predecessor-version":[{"id":8561,"href":"https:\/\/ntpas.net\/en\/wp-json\/wp\/v2\/pages\/8321\/revisions\/8561"}],"wp:attachment":[{"href":"https:\/\/ntpas.net\/en\/wp-json\/wp\/v2\/media?parent=8321"}],"curies":[{"name":"wp","href":"https:\/\/api.w.org\/{rel}","templated":true}]}}